{"id":11,"date":"2022-10-04T15:16:24","date_gmt":"2022-10-04T15:16:24","guid":{"rendered":"https:\/\/www.adnrulman.com\/?page_id=11"},"modified":"2023-06-16T14:43:01","modified_gmt":"2023-06-16T14:43:01","slug":"blog","status":"publish","type":"page","link":"https:\/\/www.adnrulman.com\/index.php\/blog\/","title":{"rendered":"\u00dcR\u00dcNLER\u0130M\u0130Z"},"content":{"rendered":"\n<p>\u00dcr\u00fcnlerimiz i\u00e7in <\/p>\n\n\n\n<figure class=\"wp-block-gallery has-nested-images columns-default is-cropped wp-block-gallery-1 is-layout-flex wp-block-gallery-is-layout-flex\">\n<figure class=\"wp-block-image size-large\"><img loading=\"lazy\" decoding=\"async\" width=\"1024\" height=\"1019\" data-id=\"95\" src=\"https:\/\/www.adnrulman.com\/wp-content\/uploads\/2022\/12\/Rulman-1.jpg\" alt=\"\" class=\"wp-image-95\" srcset=\"https:\/\/www.adnrulman.com\/wp-content\/uploads\/2022\/12\/Rulman-1.jpg 1024w, https:\/\/www.adnrulman.com\/wp-content\/uploads\/2022\/12\/Rulman-1-300x300.jpg 300w, https:\/\/www.adnrulman.com\/wp-content\/uploads\/2022\/12\/Rulman-1-150x150.jpg 150w, https:\/\/www.adnrulman.com\/wp-content\/uploads\/2022\/12\/Rulman-1-768x764.jpg 768w, https:\/\/www.adnrulman.com\/wp-content\/uploads\/2022\/12\/Rulman-1-100x100.jpg 100w\" sizes=\"auto, (max-width: 767px) 89vw, (max-width: 1000px) 54vw, (max-width: 1071px) 543px, 580px\" \/><\/figure>\n\n\n\n<figure class=\"wp-block-image size-large\"><img loading=\"lazy\" decoding=\"async\" width=\"1024\" height=\"617\" data-id=\"96\" src=\"https:\/\/www.adnrulman.com\/wp-content\/uploads\/2022\/12\/Rulman2.jpg\" alt=\"\" class=\"wp-image-96\" srcset=\"https:\/\/www.adnrulman.com\/wp-content\/uploads\/2022\/12\/Rulman2.jpg 1024w, https:\/\/www.adnrulman.com\/wp-content\/uploads\/2022\/12\/Rulman2-300x181.jpg 300w, https:\/\/www.adnrulman.com\/wp-content\/uploads\/2022\/12\/Rulman2-768x463.jpg 768w\" sizes=\"auto, (max-width: 767px) 89vw, (max-width: 1000px) 54vw, (max-width: 1071px) 543px, 580px\" \/><\/figure>\n\n\n\n<figure class=\"wp-block-image size-large\"><img loading=\"lazy\" decoding=\"async\" width=\"1024\" height=\"650\" data-id=\"105\" src=\"https:\/\/www.adnrulman.com\/wp-content\/uploads\/2022\/12\/Rulman3-1.jpg\" alt=\"\" class=\"wp-image-105\" srcset=\"https:\/\/www.adnrulman.com\/wp-content\/uploads\/2022\/12\/Rulman3-1.jpg 1024w, https:\/\/www.adnrulman.com\/wp-content\/uploads\/2022\/12\/Rulman3-1-300x190.jpg 300w, https:\/\/www.adnrulman.com\/wp-content\/uploads\/2022\/12\/Rulman3-1-768x488.jpg 768w\" sizes=\"auto, (max-width: 767px) 89vw, (max-width: 1000px) 54vw, (max-width: 1071px) 543px, 580px\" \/><\/figure>\n\n\n\n<figure class=\"wp-block-image size-large\"><img loading=\"lazy\" decoding=\"async\" width=\"982\" height=\"754\" data-id=\"109\" src=\"https:\/\/www.adnrulman.com\/wp-content\/uploads\/2022\/12\/Rulman8.jpg\" alt=\"\" class=\"wp-image-109\" srcset=\"https:\/\/www.adnrulman.com\/wp-content\/uploads\/2022\/12\/Rulman8.jpg 982w, https:\/\/www.adnrulman.com\/wp-content\/uploads\/2022\/12\/Rulman8-300x230.jpg 300w, https:\/\/www.adnrulman.com\/wp-content\/uploads\/2022\/12\/Rulman8-768x590.jpg 768w\" sizes=\"auto, (max-width: 767px) 89vw, (max-width: 1000px) 54vw, (max-width: 1071px) 543px, 580px\" \/><\/figure>\n\n\n\n<figure class=\"wp-block-image size-large\"><img loading=\"lazy\" decoding=\"async\" width=\"1024\" height=\"919\" data-id=\"110\" src=\"https:\/\/www.adnrulman.com\/wp-content\/uploads\/2022\/12\/Rulman9-1024x919.jpg\" alt=\"\" class=\"wp-image-110\" srcset=\"https:\/\/www.adnrulman.com\/wp-content\/uploads\/2022\/12\/Rulman9-1024x919.jpg 1024w, https:\/\/www.adnrulman.com\/wp-content\/uploads\/2022\/12\/Rulman9-300x269.jpg 300w, https:\/\/www.adnrulman.com\/wp-content\/uploads\/2022\/12\/Rulman9-768x689.jpg 768w, https:\/\/www.adnrulman.com\/wp-content\/uploads\/2022\/12\/Rulman9.jpg 1093w\" sizes=\"auto, (max-width: 767px) 89vw, (max-width: 1000px) 54vw, (max-width: 1071px) 543px, 580px\" \/><\/figure>\n\n\n\n<figure class=\"wp-block-image size-large\"><img loading=\"lazy\" decoding=\"async\" width=\"953\" height=\"797\" data-id=\"111\" src=\"https:\/\/www.adnrulman.com\/wp-content\/uploads\/2022\/12\/Rulman6-1.jpg\" alt=\"\" class=\"wp-image-111\" srcset=\"https:\/\/www.adnrulman.com\/wp-content\/uploads\/2022\/12\/Rulman6-1.jpg 953w, https:\/\/www.adnrulman.com\/wp-content\/uploads\/2022\/12\/Rulman6-1-300x251.jpg 300w, https:\/\/www.adnrulman.com\/wp-content\/uploads\/2022\/12\/Rulman6-1-768x642.jpg 768w\" sizes=\"auto, (max-width: 767px) 89vw, (max-width: 1000px) 54vw, (max-width: 1071px) 543px, 580px\" \/><\/figure>\n\n\n\n<figure class=\"wp-block-image size-large\"><img loading=\"lazy\" decoding=\"async\" width=\"664\" height=\"394\" data-id=\"112\" src=\"https:\/\/www.adnrulman.com\/wp-content\/uploads\/2022\/12\/Rulman7-1.jpg\" alt=\"\" class=\"wp-image-112\" srcset=\"https:\/\/www.adnrulman.com\/wp-content\/uploads\/2022\/12\/Rulman7-1.jpg 664w, https:\/\/www.adnrulman.com\/wp-content\/uploads\/2022\/12\/Rulman7-1-300x178.jpg 300w\" sizes=\"auto, (max-width: 664px) 100vw, 664px\" \/><\/figure>\n<\/figure>\n\n\n\n<figure class=\"wp-block-gallery has-nested-images columns-default is-cropped wp-block-gallery-2 is-layout-flex wp-block-gallery-is-layout-flex\">\n<figure class=\"wp-block-image size-large\"><img loading=\"lazy\" decoding=\"async\" width=\"1024\" height=\"787\" data-id=\"114\" src=\"https:\/\/www.adnrulman.com\/wp-content\/uploads\/2022\/12\/Rulman10-1024x787.jpg\" alt=\"\" class=\"wp-image-114\" srcset=\"https:\/\/www.adnrulman.com\/wp-content\/uploads\/2022\/12\/Rulman10-1024x787.jpg 1024w, https:\/\/www.adnrulman.com\/wp-content\/uploads\/2022\/12\/Rulman10-300x231.jpg 300w, https:\/\/www.adnrulman.com\/wp-content\/uploads\/2022\/12\/Rulman10-768x590.jpg 768w, https:\/\/www.adnrulman.com\/wp-content\/uploads\/2022\/12\/Rulman10.jpg 1051w\" sizes=\"auto, (max-width: 767px) 89vw, (max-width: 1000px) 54vw, (max-width: 1071px) 543px, 580px\" \/><\/figure>\n\n\n\n<figure class=\"wp-block-image size-large\"><img loading=\"lazy\" decoding=\"async\" width=\"1024\" height=\"672\" data-id=\"115\" src=\"https:\/\/www.adnrulman.com\/wp-content\/uploads\/2022\/12\/Rulman11-1024x672.jpg\" alt=\"\" class=\"wp-image-115\" srcset=\"https:\/\/www.adnrulman.com\/wp-content\/uploads\/2022\/12\/Rulman11-1024x672.jpg 1024w, https:\/\/www.adnrulman.com\/wp-content\/uploads\/2022\/12\/Rulman11-300x197.jpg 300w, https:\/\/www.adnrulman.com\/wp-content\/uploads\/2022\/12\/Rulman11-768x504.jpg 768w, https:\/\/www.adnrulman.com\/wp-content\/uploads\/2022\/12\/Rulman11.jpg 1231w\" sizes=\"auto, (max-width: 767px) 89vw, (max-width: 1000px) 54vw, (max-width: 1071px) 543px, 580px\" \/><\/figure>\n<\/figure>\n\n\n\n<div class=\"wp-block-cover is-light\" style=\"min-height:423px;aspect-ratio:unset;\"><span aria-hidden=\"true\" class=\"wp-block-cover__background has-background-dim-0 has-background-dim\"><\/span><div class=\"wp-block-cover__inner-container is-layout-flow wp-block-cover-is-layout-flow\">\n<div class=\"wp-block-media-text alignwide is-stacked-on-mobile is-vertically-aligned-top\" style=\"grid-template-columns:52% auto\"><figure class=\"wp-block-media-text__media\"><img loading=\"lazy\" decoding=\"async\" width=\"912\" height=\"1024\" src=\"https:\/\/www.adnrulman.com\/wp-content\/uploads\/2023\/06\/Ithal-90-3.jpg\" alt=\"\" class=\"wp-image-130 size-full\" srcset=\"https:\/\/www.adnrulman.com\/wp-content\/uploads\/2023\/06\/Ithal-90-3.jpg 912w, https:\/\/www.adnrulman.com\/wp-content\/uploads\/2023\/06\/Ithal-90-3-267x300.jpg 267w, https:\/\/www.adnrulman.com\/wp-content\/uploads\/2023\/06\/Ithal-90-3-768x862.jpg 768w\" sizes=\"auto, (max-width: 767px) 89vw, (max-width: 1000px) 54vw, (max-width: 1071px) 543px, 580px\" \/><\/figure><div class=\"wp-block-media-text__content\">\n<p class=\"has-white-color has-text-color\" style=\"font-size:15px\">Yedek par\u00e7a &#8211; PJ Kay\u0131\u015flar<\/p>\n\n\n\n<p class=\"has-text-align-left has-white-color has-text-color has-small-font-size\">\u0130thal&#8211;K90-MUAD\u0130L ARM ROTAK 32 ARM 32 BI\u00c7AK KAYI\u015eI<br>ERGOFLEX ELEKTR\u0130KL\u0130 \u00c7\u0130M B\u0130\u00c7ME MAK\u0130NASI\u00a0TAHR\u0130K\u00a0KAYI\u015eI<\/p>\n<\/div><\/div>\n<\/div><\/div>\n","protected":false},"excerpt":{"rendered":"<p>\u00dcr\u00fcnlerimiz i\u00e7in<\/p>\n","protected":false},"author":1,"featured_media":35,"parent":0,"menu_order":0,"comment_status":"closed","ping_status":"closed","template":"","meta":{"footnotes":""},"class_list":["post-11","page","type-page","status-publish","has-post-thumbnail","hentry"],"_links":{"self":[{"href":"https:\/\/www.adnrulman.com\/index.php\/wp-json\/wp\/v2\/pages\/11","targetHints":{"allow":["GET"]}}],"collection":[{"href":"https:\/\/www.adnrulman.com\/index.php\/wp-json\/wp\/v2\/pages"}],"about":[{"href":"https:\/\/www.adnrulman.com\/index.php\/wp-json\/wp\/v2\/types\/page"}],"author":[{"embeddable":true,"href":"https:\/\/www.adnrulman.com\/index.php\/wp-json\/wp\/v2\/users\/1"}],"replies":[{"embeddable":true,"href":"https:\/\/www.adnrulman.com\/index.php\/wp-json\/wp\/v2\/comments?post=11"}],"version-history":[{"count":21,"href":"https:\/\/www.adnrulman.com\/index.php\/wp-json\/wp\/v2\/pages\/11\/revisions"}],"predecessor-version":[{"id":139,"href":"https:\/\/www.adnrulman.com\/index.php\/wp-json\/wp\/v2\/pages\/11\/revisions\/139"}],"wp:featuredmedia":[{"embeddable":true,"href":"https:\/\/www.adnrulman.com\/index.php\/wp-json\/wp\/v2\/media\/35"}],"wp:attachment":[{"href":"https:\/\/www.adnrulman.com\/index.php\/wp-json\/wp\/v2\/media?parent=11"}],"curies":[{"name":"wp","href":"https:\/\/api.w.org\/{rel}","templated":true}]}}